{"id":12376,"date":"2023-07-11T11:05:50","date_gmt":"2023-07-11T11:05:50","guid":{"rendered":"https:\/\/website.teraflow.io\/?page_id=12376"},"modified":"2024-07-10T16:45:24","modified_gmt":"2024-07-10T16:45:24","slug":"teraflow-analytix","status":"publish","type":"page","link":"https:\/\/www.atracio.com\/fr\/teraflow-analytix\/","title":{"rendered":"Analytix"},"content":{"rendered":"<div data-elementor-type=\"wp-page\" data-elementor-id=\"12376\" class=\"elementor elementor-12376\">\n\t\t\t\t\t\t\t\t\t<section class=\"elementor-section elementor-top-section elementor-element elementor-element-1c5332c elementor-section-boxed elementor-section-height-default elementor-section-height-default\" data-id=\"1c5332c\" data-element_type=\"section\">\n\t\t\t\t\t\t<div class=\"elementor-container elementor-column-gap-no\">\n\t\t\t\t\t<div class=\"elementor-column elementor-col-100 elementor-top-column elementor-element elementor-element-556bcdb\" data-id=\"556bcdb\" data-element_type=\"column\">\n\t\t\t<div class=\"elementor-widget-wrap elementor-element-populated\">\n\t\t\t\t\t\t\t\t<div class=\"elementor-element elementor-element-034c93a elementor-invisible elementor-widget elementor-widget-image\" data-id=\"034c93a\" data-element_type=\"widget\" data-settings=\"{&quot;_animation&quot;:&quot;slideInLeft&quot;}\" data-widget_type=\"image.default\">\n\t\t\t\t<div class=\"elementor-widget-container\">\n\t\t\t<style>\/*! elementor - v3.14.0 - 26-06-2023 *\/\n.elementor-widget-image{text-align:center}.elementor-widget-image a{display:inline-block}.elementor-widget-image a img[src$=\".svg\"]{width:48px}.elementor-widget-image img{vertical-align:middle;display:inline-block}<\/style>\t\t\t\t\t\t\t\t\t\t\t\t<img decoding=\"async\" src=\"https:\/\/www.atracio.com\/wp-content\/uploads\/elementor\/thumbs\/ANX-1-qm2x8elneqcakvuk8amucayt8v53l4u09i8gn71y50.png\" title=\"ANX\" alt=\"ANX\" loading=\"lazy\" \/>\t\t\t\t\t\t\t\t\t\t\t\t\t\t\t<\/div>\n\t\t\t\t<\/div>\n\t\t\t\t\t<\/div>\n\t\t<\/div>\n\t\t\t\t\t\t\t<\/div>\n\t\t<\/section>\n\t\t\t\t<section class=\"elementor-section elementor-top-section elementor-element elementor-element-77b990a3 elementor-section-boxed elementor-section-height-default elementor-section-height-default elementor-invisible\" data-id=\"77b990a3\" data-element_type=\"section\" data-settings=\"{&quot;background_background&quot;:&quot;classic&quot;,&quot;animation&quot;:&quot;fadeInLeft&quot;}\">\n\t\t\t\t\t\t<div class=\"elementor-container elementor-column-gap-no\">\n\t\t\t\t\t<div class=\"elementor-column elementor-col-100 elementor-top-column elementor-element elementor-element-600a361f\" data-id=\"600a361f\" data-element_type=\"column\">\n\t\t\t<div class=\"elementor-widget-wrap elementor-element-populated\">\n\t\t\t\t\t\t\t\t<div class=\"elementor-element elementor-element-c27c24c elementor-widget elementor-widget-text-editor\" data-id=\"c27c24c\" data-element_type=\"widget\" data-widget_type=\"text-editor.default\">\n\t\t\t\t<div class=\"elementor-widget-container\">\n\t\t\t<style>\/*! elementor - v3.14.0 - 26-06-2023 *\/\n.elementor-widget-text-editor.elementor-drop-cap-view-stacked .elementor-drop-cap{background-color:#69727d;color:#fff}.elementor-widget-text-editor.elementor-drop-cap-view-framed .elementor-drop-cap{color:#69727d;border:3px solid;background-color:transparent}.elementor-widget-text-editor:not(.elementor-drop-cap-view-default) .elementor-drop-cap{margin-top:8px}.elementor-widget-text-editor:not(.elementor-drop-cap-view-default) .elementor-drop-cap-letter{width:1em;height:1em}.elementor-widget-text-editor .elementor-drop-cap{float:left;text-align:center;line-height:1;font-size:50px}.elementor-widget-text-editor .elementor-drop-cap-letter{display:inline-block}<\/style>\t\t\t\t<p>Atracio int\u00e8gre un outil BI puissant pour analyser vos donn\u00e9es, fournir des informations strat\u00e9giques et faciliter votre prise de d\u00e9cision op\u00e9rationnelle<\/p>\t\t\t\t\t\t<\/div>\n\t\t\t\t<\/div>\n\t\t\t\t\t<\/div>\n\t\t<\/div>\n\t\t\t\t\t\t\t<\/div>\n\t\t<\/section>\n\t\t\t\t<section class=\"elementor-section elementor-top-section elementor-element elementor-element-9cda3e8 elementor-section-boxed elementor-section-height-default elementor-section-height-default\" data-id=\"9cda3e8\" data-element_type=\"section\">\n\t\t\t\t\t\t<div class=\"elementor-container elementor-column-gap-no\">\n\t\t\t\t\t<div class=\"elementor-column elementor-col-100 elementor-top-column elementor-element elementor-element-5556f88\" data-id=\"5556f88\" data-element_type=\"column\">\n\t\t\t<div class=\"elementor-widget-wrap elementor-element-populated\">\n\t\t\t\t\t\t\t\t<section class=\"elementor-section elementor-inner-section elementor-element elementor-element-8e07256 elementor-section-full_width elementor-section-height-default elementor-section-height-default\" data-id=\"8e07256\" data-element_type=\"section\">\n\t\t\t\t\t\t<div class=\"elementor-container elementor-column-gap-no\">\n\t\t\t\t\t<div class=\"elementor-column elementor-col-50 elementor-inner-column elementor-element elementor-element-c4f4683 elementor-invisible\" data-id=\"c4f4683\" data-element_type=\"column\" data-settings=\"{&quot;animation&quot;:&quot;slideInLeft&quot;}\">\n\t\t\t<div class=\"elementor-widget-wrap elementor-element-populated\">\n\t\t\t\t\t\t\t\t<div class=\"elementor-element elementor-element-1a881ea elementor-invisible elementor-widget elementor-widget-image\" data-id=\"1a881ea\" data-element_type=\"widget\" data-settings=\"{&quot;_animation&quot;:&quot;slideInLeft&quot;}\" data-widget_type=\"image.default\">\n\t\t\t\t<div class=\"elementor-widget-container\">\n\t\t\t\t\t\t\t\t\t\t\t\t\t\t\t<img decoding=\"async\" src=\"https:\/\/www.atracio.com\/wp-content\/uploads\/Design-sans-titre-67.png\" title=\"Design sans titre (67)\" alt=\"Design sans titre (67)\" loading=\"lazy\" \/>\t\t\t\t\t\t\t\t\t\t\t\t\t\t\t<\/div>\n\t\t\t\t<\/div>\n\t\t\t\t\t<\/div>\n\t\t<\/div>\n\t\t\t\t<div class=\"elementor-column elementor-col-50 elementor-inner-column elementor-element elementor-element-82ff24b elementor-invisible\" data-id=\"82ff24b\" data-element_type=\"column\" data-settings=\"{&quot;animation&quot;:&quot;slideInRight&quot;}\">\n\t\t\t<div class=\"elementor-widget-wrap elementor-element-populated\">\n\t\t\t\t\t\t\t\t<div class=\"elementor-element elementor-element-5765111 elementor-widget elementor-widget-heading\" data-id=\"5765111\" data-element_type=\"widget\" data-widget_type=\"heading.default\">\n\t\t\t\t<div class=\"elementor-widget-container\">\n\t\t\t<style>\/*! elementor - v3.14.0 - 26-06-2023 *\/\n.elementor-heading-title{padding:0;margin:0;line-height:1}.elementor-widget-heading .elementor-heading-title[class*=elementor-size-]>a{color:inherit;font-size:inherit;line-height:inherit}.elementor-widget-heading .elementor-heading-title.elementor-size-small{font-size:15px}.elementor-widget-heading .elementor-heading-title.elementor-size-medium{font-size:19px}.elementor-widget-heading .elementor-heading-title.elementor-size-large{font-size:29px}.elementor-widget-heading .elementor-heading-title.elementor-size-xl{font-size:39px}.elementor-widget-heading .elementor-heading-title.elementor-size-xxl{font-size:59px}<\/style><h2 class=\"elementor-heading-title elementor-size-default\">Reporting avanc\u00e9<\/h2>\t\t<\/div>\n\t\t\t\t<\/div>\n\t\t\t\t<div class=\"elementor-element elementor-element-3c86586 elementor-widget elementor-widget-text-editor\" data-id=\"3c86586\" data-element_type=\"widget\" data-widget_type=\"text-editor.default\">\n\t\t\t\t<div class=\"elementor-widget-container\">\n\t\t\t\t\t\t\t<p>Le module Analytix vous offre des fonctionnalit\u00e9s de reporting puissantes, permettant de g\u00e9n\u00e9rer des rapports d\u00e9taill\u00e9s et personnalisables bas\u00e9s sur vos donn\u00e9es, afin de faciliter l\u2019analyse et \u00e9clairer votre prise de d\u00e9cision.<\/p>\t\t\t\t\t\t<\/div>\n\t\t\t\t<\/div>\n\t\t\t\t\t<\/div>\n\t\t<\/div>\n\t\t\t\t\t\t\t<\/div>\n\t\t<\/section>\n\t\t\t\t<section class=\"elementor-section elementor-inner-section elementor-element elementor-element-1d85d1d elementor-section-boxed elementor-section-height-default elementor-section-height-default\" data-id=\"1d85d1d\" data-element_type=\"section\">\n\t\t\t\t\t\t<div class=\"elementor-container elementor-column-gap-no\">\n\t\t\t\t\t<div class=\"elementor-column elementor-col-50 elementor-inner-column elementor-element elementor-element-d6ab2e0 elementor-invisible\" data-id=\"d6ab2e0\" data-element_type=\"column\" data-settings=\"{&quot;animation&quot;:&quot;slideInLeft&quot;}\">\n\t\t\t<div class=\"elementor-widget-wrap elementor-element-populated\">\n\t\t\t\t\t\t\t\t<div class=\"elementor-element elementor-element-4f17512 elementor-widget elementor-widget-heading\" data-id=\"4f17512\" data-element_type=\"widget\" data-widget_type=\"heading.default\">\n\t\t\t\t<div class=\"elementor-widget-container\">\n\t\t\t<h2 class=\"elementor-heading-title elementor-size-default\">Consolidation des donn\u00e9es\n<\/h2>\t\t<\/div>\n\t\t\t\t<\/div>\n\t\t\t\t<div class=\"elementor-element elementor-element-18a4c10 elementor-widget elementor-widget-text-editor\" data-id=\"18a4c10\" data-element_type=\"widget\" data-widget_type=\"text-editor.default\">\n\t\t\t\t<div class=\"elementor-widget-container\">\n\t\t\t\t\t\t\t<p>Consolidez toutes vos donn\u00e9es de diff\u00e9rentes sources et regroupez-les dans un format coh\u00e9rent, permettant une analyse globale et approfondie de la performance de l\u2019entreprise.<\/p>\t\t\t\t\t\t<\/div>\n\t\t\t\t<\/div>\n\t\t\t\t\t<\/div>\n\t\t<\/div>\n\t\t\t\t<div class=\"elementor-column elementor-col-50 elementor-inner-column elementor-element elementor-element-da4e767 elementor-invisible\" data-id=\"da4e767\" data-element_type=\"column\" data-settings=\"{&quot;animation&quot;:&quot;slideInRight&quot;}\">\n\t\t\t<div class=\"elementor-widget-wrap elementor-element-populated\">\n\t\t\t\t\t\t\t\t<div class=\"elementor-element elementor-element-0c55379 elementor-invisible elementor-widget elementor-widget-image\" data-id=\"0c55379\" data-element_type=\"widget\" data-settings=\"{&quot;_animation&quot;:&quot;fadeInRight&quot;}\" data-widget_type=\"image.default\">\n\t\t\t\t<div class=\"elementor-widget-container\">\n\t\t\t\t\t\t\t\t\t\t\t\t\t\t\t<img decoding=\"async\" src=\"https:\/\/www.atracio.com\/wp-content\/uploads\/2023\/07\/WEB.png\" title=\"WEB\" alt=\"WEB\" loading=\"lazy\" \/>\t\t\t\t\t\t\t\t\t\t\t\t\t\t\t<\/div>\n\t\t\t\t<\/div>\n\t\t\t\t\t<\/div>\n\t\t<\/div>\n\t\t\t\t\t\t\t<\/div>\n\t\t<\/section>\n\t\t\t\t<section class=\"elementor-section elementor-inner-section elementor-element elementor-element-f1db719 elementor-section-boxed elementor-section-height-default elementor-section-height-default\" data-id=\"f1db719\" data-element_type=\"section\">\n\t\t\t\t\t\t<div class=\"elementor-container elementor-column-gap-no\">\n\t\t\t\t\t<div class=\"elementor-column elementor-col-50 elementor-inner-column elementor-element elementor-element-7725363 elementor-invisible\" data-id=\"7725363\" data-element_type=\"column\" data-settings=\"{&quot;animation&quot;:&quot;slideInRight&quot;}\">\n\t\t\t<div class=\"elementor-widget-wrap elementor-element-populated\">\n\t\t\t\t\t\t\t\t<div class=\"elementor-element elementor-element-2274aad elementor-invisible elementor-widget elementor-widget-image\" data-id=\"2274aad\" data-element_type=\"widget\" data-settings=\"{&quot;_animation&quot;:&quot;slideInLeft&quot;}\" data-widget_type=\"image.default\">\n\t\t\t\t<div class=\"elementor-widget-container\">\n\t\t\t\t\t\t\t\t\t\t\t\t\t\t\t<img decoding=\"async\" src=\"https:\/\/www.atracio.com\/wp-content\/uploads\/2023\/07\/SC.png\" title=\"SC\" alt=\"SC\" loading=\"lazy\" \/>\t\t\t\t\t\t\t\t\t\t\t\t\t\t\t<\/div>\n\t\t\t\t<\/div>\n\t\t\t\t\t<\/div>\n\t\t<\/div>\n\t\t\t\t<div class=\"elementor-column elementor-col-50 elementor-inner-column elementor-element elementor-element-1e2dc8f elementor-invisible\" data-id=\"1e2dc8f\" data-element_type=\"column\" data-settings=\"{&quot;animation&quot;:&quot;slideInRight&quot;}\">\n\t\t\t<div class=\"elementor-widget-wrap elementor-element-populated\">\n\t\t\t\t\t\t\t\t<div class=\"elementor-element elementor-element-5164297 elementor-widget elementor-widget-heading\" data-id=\"5164297\" data-element_type=\"widget\" data-widget_type=\"heading.default\">\n\t\t\t\t<div class=\"elementor-widget-container\">\n\t\t\t<h2 class=\"elementor-heading-title elementor-size-default\">Analyse des tendances\n<\/h2>\t\t<\/div>\n\t\t\t\t<\/div>\n\t\t\t\t<div class=\"elementor-element elementor-element-38beb0e elementor-widget elementor-widget-text-editor\" data-id=\"38beb0e\" data-element_type=\"widget\" data-widget_type=\"text-editor.default\">\n\t\t\t\t<div class=\"elementor-widget-container\">\n\t\t\t\t\t\t\t<p>Comprenez mieux les fluctuations de vos indicateurs cl\u00e9s de performance (KPI) et d\u00e9gagez des insights strat\u00e9giques pour orienter les d\u00e9cisions futures de votre entreprise<\/p>\t\t\t\t\t\t<\/div>\n\t\t\t\t<\/div>\n\t\t\t\t\t<\/div>\n\t\t<\/div>\n\t\t\t\t\t\t\t<\/div>\n\t\t<\/section>\n\t\t\t\t<section class=\"elementor-section elementor-inner-section elementor-element elementor-element-fad9a73 elementor-section-boxed elementor-section-height-default elementor-section-height-default\" data-id=\"fad9a73\" data-element_type=\"section\">\n\t\t\t\t\t\t<div class=\"elementor-container elementor-column-gap-no\">\n\t\t\t\t\t<div class=\"elementor-column elementor-col-50 elementor-inner-column elementor-element elementor-element-039096d elementor-invisible\" data-id=\"039096d\" data-element_type=\"column\" data-settings=\"{&quot;animation&quot;:&quot;slideInRight&quot;}\">\n\t\t\t<div class=\"elementor-widget-wrap elementor-element-populated\">\n\t\t\t\t\t\t\t\t<div class=\"elementor-element elementor-element-b48d1c8 elementor-widget elementor-widget-heading\" data-id=\"b48d1c8\" data-element_type=\"widget\" data-widget_type=\"heading.default\">\n\t\t\t\t<div class=\"elementor-widget-container\">\n\t\t\t<h2 class=\"elementor-heading-title elementor-size-default\">Report Designer<\/h2>\t\t<\/div>\n\t\t\t\t<\/div>\n\t\t\t\t<div class=\"elementor-element elementor-element-5fd2c7d elementor-widget elementor-widget-text-editor\" data-id=\"5fd2c7d\" data-element_type=\"widget\" data-widget_type=\"text-editor.default\">\n\t\t\t\t<div class=\"elementor-widget-container\">\n\t\t\t\t\t\t\t<p>Personnalisez enti\u00e8rement vos rapports en choisissant les colonnes et les lignes des donn\u00e9es ainsi que les filtres qui sont pertinents pour votre analyse et en fin visualisez-les sous tout sch\u00e9ma souhait\u00e9.<\/p>\t\t\t\t\t\t<\/div>\n\t\t\t\t<\/div>\n\t\t\t\t\t<\/div>\n\t\t<\/div>\n\t\t\t\t<div class=\"elementor-column elementor-col-50 elementor-inner-column elementor-element elementor-element-9c949a7 elementor-invisible\" data-id=\"9c949a7\" data-element_type=\"column\" data-settings=\"{&quot;animation&quot;:&quot;slideInRight&quot;}\">\n\t\t\t<div class=\"elementor-widget-wrap elementor-element-populated\">\n\t\t\t\t\t\t\t\t<div class=\"elementor-element elementor-element-f6a38f2 elementor-invisible elementor-widget elementor-widget-image\" data-id=\"f6a38f2\" data-element_type=\"widget\" data-settings=\"{&quot;_animation&quot;:&quot;slideInLeft&quot;}\" data-widget_type=\"image.default\">\n\t\t\t\t<div class=\"elementor-widget-container\">\n\t\t\t\t\t\t\t\t\t\t\t\t\t\t\t<img decoding=\"async\" src=\"https:\/\/www.atracio.com\/wp-content\/uploads\/2023\/07\/WB.png\" title=\"WB\" alt=\"WB\" loading=\"lazy\" \/>\t\t\t\t\t\t\t\t\t\t\t\t\t\t\t<\/div>\n\t\t\t\t<\/div>\n\t\t\t\t\t<\/div>\n\t\t<\/div>\n\t\t\t\t\t\t\t<\/div>\n\t\t<\/section>\n\t\t\t\t\t<\/div>\n\t\t<\/div>\n\t\t\t\t\t\t\t<\/div>\n\t\t<\/section>\n\t\t\t\t<section class=\"elementor-section elementor-top-section elementor-element elementor-element-17a27be elementor-section-content-middle elementor-section-boxed elementor-section-height-default elementor-section-height-default\" data-id=\"17a27be\" data-element_type=\"section\" data-settings=\"{&quot;background_background&quot;:&quot;classic&quot;}\">\n\t\t\t\t\t\t<div class=\"elementor-container elementor-column-gap-no\">\n\t\t\t\t\t<div class=\"elementor-column elementor-col-50 elementor-top-column elementor-element elementor-element-f8d870e\" data-id=\"f8d870e\" data-element_type=\"column\">\n\t\t\t<div class=\"elementor-widget-wrap elementor-element-populated\">\n\t\t\t\t\t\t\t\t<div class=\"elementor-element elementor-element-a7ffc89 learn-more-image elementor-invisible elementor-widget elementor-widget-image\" data-id=\"a7ffc89\" data-element_type=\"widget\" data-settings=\"{&quot;_animation&quot;:&quot;slideInUp&quot;}\" data-widget_type=\"image.default\">\n\t\t\t\t<div class=\"elementor-widget-container\">\n\t\t\t\t\t\t\t\t\t\t\t\t\t\t\t<img loading=\"lazy\" decoding=\"async\" width=\"270\" height=\"330\" src=\"https:\/\/www.atracio.com\/wp-content\/uploads\/2024\/01\/Rocket-amico-1-270x330.png\" class=\"attachment-saasland_270x330 size-saasland_270x330 wp-image-14421\" alt=\"\" \/>\t\t\t\t\t\t\t\t\t\t\t\t\t\t\t<\/div>\n\t\t\t\t<\/div>\n\t\t\t\t\t<\/div>\n\t\t<\/div>\n\t\t\t\t<div class=\"elementor-column elementor-col-50 elementor-top-column elementor-element elementor-element-f0a3f87 elementor-invisible\" data-id=\"f0a3f87\" data-element_type=\"column\" data-settings=\"{&quot;animation&quot;:&quot;fadeIn&quot;}\">\n\t\t\t<div class=\"elementor-widget-wrap elementor-element-populated\">\n\t\t\t\t\t\t\t\t<div class=\"elementor-element elementor-element-bc43e40 elementor-widget elementor-widget-heading\" data-id=\"bc43e40\" data-element_type=\"widget\" data-widget_type=\"heading.default\">\n\t\t\t\t<div class=\"elementor-widget-container\">\n\t\t\t<h2 class=\"elementor-heading-title elementor-size-default\">D\u00e9couvrez la puissance de Atracio!<\/h2>\t\t<\/div>\n\t\t\t\t<\/div>\n\t\t\t\t<div class=\"elementor-element elementor-element-5386a83 elementor-widget elementor-widget-button\" data-id=\"5386a83\" data-element_type=\"widget\" data-widget_type=\"button.default\">\n\t\t\t\t<div class=\"elementor-widget-container\">\n\t\t\t\t\t<div class=\"elementor-button-wrapper\">\n\t\t\t<a class=\"elementor-button elementor-button-link elementor-size-sm\" href=\"https:\/\/www.atracio.com\/fr\/live-demo\/\">\n\t\t\t\t\t\t<span class=\"elementor-button-content-wrapper\">\n\t\t\t\t\t\t<span class=\"elementor-button-text\">R\u00e9servez une d\u00e9mo<\/span>\n\t\t<\/span>\n\t\t\t\t\t<\/a>\n\t\t<\/div>\n\t\t\t\t<\/div>\n\t\t\t\t<\/div>\n\t\t\t\t\t<\/div>\n\t\t<\/div>\n\t\t\t\t\t\t\t<\/div>\n\t\t<\/section>\n\t\t\t\t\t\t\t<\/div>","protected":false},"excerpt":{"rendered":"<p>Acc\u00e9dez en temps-r\u00e9el aux rapports d'analyse de performance de chacun de vos modules pour une prise de d\u00e9cision avis\u00e9e<\/p>","protected":false},"author":1,"featured_media":0,"parent":0,"menu_order":0,"comment_status":"closed","ping_status":"closed","template":"page-fullwidth.php","meta":{"content-type":"","footnotes":""},"class_list":["post-12376","page","type-page","status-publish","hentry","no-post-thumbnail"],"acf":[],"yoast_head":"<!-- This site is optimized with the Yoast SEO plugin v21.1 - https:\/\/yoast.com\/wordpress\/plugins\/seo\/ -->\n<title>Analytix | Atracio - The Next-Gen Supply Chain Execution Platform<\/title>\n<meta name=\"robots\" content=\"index, follow, max-snippet:-1, max-image-preview:large, max-video-preview:-1\" \/>\n<link rel=\"canonical\" href=\"https:\/\/www.atracio.com\/fr\/teraflow-analytix\/\" \/>\n<meta property=\"og:locale\" content=\"fr_FR\" \/>\n<meta property=\"og:type\" content=\"article\" \/>\n<meta property=\"og:title\" content=\"Analytix | Atracio - The Next-Gen Supply Chain Execution Platform\" \/>\n<meta property=\"og:description\" content=\"Access real-time performance analysis reports for each of your modules for informed decision-making\" \/>\n<meta property=\"og:url\" content=\"https:\/\/www.atracio.com\/fr\/teraflow-analytix\/\" \/>\n<meta property=\"og:site_name\" content=\"Atracio - The Next-Gen Supply Chain Execution Platform\" \/>\n<meta property=\"article:publisher\" content=\"https:\/\/facebook.com\/atracio\" \/>\n<meta property=\"article:modified_time\" content=\"2024-07-10T16:45:24+00:00\" \/>\n<meta property=\"og:image\" content=\"https:\/\/www.atracio.com\/wp-content\/uploads\/elementor\/thumbs\/ANX-1-qm2x8elneqcakvuk8amucayt8v53l4u09i8gn71y50.png\" \/>\n<meta name=\"twitter:card\" content=\"summary_large_image\" \/>\n<meta name=\"twitter:site\" content=\"@AtracioERP\" \/>\n<meta name=\"twitter:label1\" content=\"Dur\u00e9e de lecture estim\u00e9e\" \/>\n\t<meta name=\"twitter:data1\" content=\"2 minutes\" \/>\n<script type=\"application\/ld+json\" class=\"yoast-schema-graph\">{\"@context\":\"https:\/\/schema.org\",\"@graph\":[{\"@type\":\"WebPage\",\"@id\":\"https:\/\/www.atracio.com\/teraflow-analytix\/\",\"url\":\"https:\/\/www.atracio.com\/teraflow-analytix\/\",\"name\":\"Analytix | Atracio - The Next-Gen Supply Chain Execution Platform\",\"isPartOf\":{\"@id\":\"https:\/\/www.atracio.com\/#website\"},\"datePublished\":\"2023-07-11T11:05:50+00:00\",\"dateModified\":\"2024-07-10T16:45:24+00:00\",\"breadcrumb\":{\"@id\":\"https:\/\/www.atracio.com\/teraflow-analytix\/#breadcrumb\"},\"inLanguage\":\"fr-FR\",\"potentialAction\":[{\"@type\":\"ReadAction\",\"target\":[\"https:\/\/www.atracio.com\/teraflow-analytix\/\"]}]},{\"@type\":\"BreadcrumbList\",\"@id\":\"https:\/\/www.atracio.com\/teraflow-analytix\/#breadcrumb\",\"itemListElement\":[{\"@type\":\"ListItem\",\"position\":1,\"name\":\"Home\",\"item\":\"https:\/\/www.atracio.com\/\"},{\"@type\":\"ListItem\",\"position\":2,\"name\":\"Analytix\"}]},{\"@type\":\"WebSite\",\"@id\":\"https:\/\/www.atracio.com\/#website\",\"url\":\"https:\/\/www.atracio.com\/\",\"name\":\"Atracio\",\"description\":\"The Next-Gen Supply Chain Execution Platform\",\"publisher\":{\"@id\":\"https:\/\/www.atracio.com\/#organization\"},\"potentialAction\":[{\"@type\":\"SearchAction\",\"target\":{\"@type\":\"EntryPoint\",\"urlTemplate\":\"https:\/\/www.atracio.com\/?s={search_term_string}\"},\"query-input\":\"required name=search_term_string\"}],\"inLanguage\":\"fr-FR\"},{\"@type\":\"Organization\",\"@id\":\"https:\/\/www.atracio.com\/#organization\",\"name\":\"Atracio\",\"url\":\"https:\/\/www.atracio.com\/\",\"logo\":{\"@type\":\"ImageObject\",\"inLanguage\":\"fr-FR\",\"@id\":\"https:\/\/www.atracio.com\/#\/schema\/logo\/image\/\",\"url\":\"https:\/\/www.atracio.com\/wp-content\/uploads\/Design-sans-titre-70.png\",\"contentUrl\":\"https:\/\/www.atracio.com\/wp-content\/uploads\/Design-sans-titre-70.png\",\"width\":500,\"height\":500,\"caption\":\"Atracio\"},\"image\":{\"@id\":\"https:\/\/www.atracio.com\/#\/schema\/logo\/image\/\"},\"sameAs\":[\"https:\/\/facebook.com\/atracio\",\"https:\/\/twitter.com\/AtracioERP\",\"https:\/\/www.linkedin.com\/company\/teraflow-erp\"]}]}<\/script>\n<!-- \/ Yoast SEO plugin. -->","yoast_head_json":{"title":"Analytix | Atracio - The Next-Gen Supply Chain Execution Platform","robots":{"index":"index","follow":"follow","max-snippet":"max-snippet:-1","max-image-preview":"max-image-preview:large","max-video-preview":"max-video-preview:-1"},"canonical":"https:\/\/www.atracio.com\/fr\/teraflow-analytix\/","og_locale":"fr_FR","og_type":"article","og_title":"Analytix | Atracio - The Next-Gen Supply Chain Execution Platform","og_description":"Access real-time performance analysis reports for each of your modules for informed decision-making","og_url":"https:\/\/www.atracio.com\/fr\/teraflow-analytix\/","og_site_name":"Atracio - The Next-Gen Supply Chain Execution Platform","article_publisher":"https:\/\/facebook.com\/atracio","article_modified_time":"2024-07-10T16:45:24+00:00","og_image":[{"url":"https:\/\/www.atracio.com\/wp-content\/uploads\/elementor\/thumbs\/ANX-1-qm2x8elneqcakvuk8amucayt8v53l4u09i8gn71y50.png"}],"twitter_card":"summary_large_image","twitter_site":"@AtracioERP","twitter_misc":{"Dur\u00e9e de lecture estim\u00e9e":"2 minutes"},"schema":{"@context":"https:\/\/schema.org","@graph":[{"@type":"WebPage","@id":"https:\/\/www.atracio.com\/teraflow-analytix\/","url":"https:\/\/www.atracio.com\/teraflow-analytix\/","name":"Analytix | Atracio - The Next-Gen Supply Chain Execution Platform","isPartOf":{"@id":"https:\/\/www.atracio.com\/#website"},"datePublished":"2023-07-11T11:05:50+00:00","dateModified":"2024-07-10T16:45:24+00:00","breadcrumb":{"@id":"https:\/\/www.atracio.com\/teraflow-analytix\/#breadcrumb"},"inLanguage":"fr-FR","potentialAction":[{"@type":"ReadAction","target":["https:\/\/www.atracio.com\/teraflow-analytix\/"]}]},{"@type":"BreadcrumbList","@id":"https:\/\/www.atracio.com\/teraflow-analytix\/#breadcrumb","itemListElement":[{"@type":"ListItem","position":1,"name":"Home","item":"https:\/\/www.atracio.com\/"},{"@type":"ListItem","position":2,"name":"Analytix"}]},{"@type":"WebSite","@id":"https:\/\/www.atracio.com\/#website","url":"https:\/\/www.atracio.com\/","name":"Atracio","description":"The Next-Gen Supply Chain Execution Platform","publisher":{"@id":"https:\/\/www.atracio.com\/#organization"},"potentialAction":[{"@type":"SearchAction","target":{"@type":"EntryPoint","urlTemplate":"https:\/\/www.atracio.com\/?s={search_term_string}"},"query-input":"required name=search_term_string"}],"inLanguage":"fr-FR"},{"@type":"Organization","@id":"https:\/\/www.atracio.com\/#organization","name":"Atracio","url":"https:\/\/www.atracio.com\/","logo":{"@type":"ImageObject","inLanguage":"fr-FR","@id":"https:\/\/www.atracio.com\/#\/schema\/logo\/image\/","url":"https:\/\/www.atracio.com\/wp-content\/uploads\/Design-sans-titre-70.png","contentUrl":"https:\/\/www.atracio.com\/wp-content\/uploads\/Design-sans-titre-70.png","width":500,"height":500,"caption":"Atracio"},"image":{"@id":"https:\/\/www.atracio.com\/#\/schema\/logo\/image\/"},"sameAs":["https:\/\/facebook.com\/atracio","https:\/\/twitter.com\/AtracioERP","https:\/\/www.linkedin.com\/company\/teraflow-erp"]}]}},"_links":{"self":[{"href":"https:\/\/www.atracio.com\/fr\/wp-json\/wp\/v2\/pages\/12376","targetHints":{"allow":["GET"]}}],"collection":[{"href":"https:\/\/www.atracio.com\/fr\/wp-json\/wp\/v2\/pages"}],"about":[{"href":"https:\/\/www.atracio.com\/fr\/wp-json\/wp\/v2\/types\/page"}],"author":[{"embeddable":true,"href":"https:\/\/www.atracio.com\/fr\/wp-json\/wp\/v2\/users\/1"}],"replies":[{"embeddable":true,"href":"https:\/\/www.atracio.com\/fr\/wp-json\/wp\/v2\/comments?post=12376"}],"version-history":[{"count":73,"href":"https:\/\/www.atracio.com\/fr\/wp-json\/wp\/v2\/pages\/12376\/revisions"}],"predecessor-version":[{"id":17209,"href":"https:\/\/www.atracio.com\/fr\/wp-json\/wp\/v2\/pages\/12376\/revisions\/17209"}],"wp:attachment":[{"href":"https:\/\/www.atracio.com\/fr\/wp-json\/wp\/v2\/media?parent=12376"}],"curies":[{"name":"wp","href":"https:\/\/api.w.org\/{rel}","templated":true}]}}