{"id":14155,"date":"2023-10-13T16:12:13","date_gmt":"2023-10-13T16:12:13","guid":{"rendered":"https:\/\/www.atracio.com\/?page_id=14155"},"modified":"2024-07-10T16:44:45","modified_gmt":"2024-07-10T16:44:45","slug":"rfid-technology","status":"publish","type":"page","link":"https:\/\/www.atracio.com\/fr\/rfid-technology\/","title":{"rendered":"Technologie RFID"},"content":{"rendered":"<div data-elementor-type=\"wp-page\" data-elementor-id=\"14155\" class=\"elementor elementor-14155\">\n\t\t\t\t\t\t\t\t\t<section class=\"elementor-section elementor-top-section elementor-element elementor-element-77b990a3 elementor-section-boxed elementor-section-height-default elementor-section-height-default elementor-invisible\" data-id=\"77b990a3\" data-element_type=\"section\" data-settings=\"{&quot;background_background&quot;:&quot;classic&quot;,&quot;animation&quot;:&quot;fadeInLeft&quot;}\">\n\t\t\t\t\t\t<div class=\"elementor-container elementor-column-gap-no\">\n\t\t\t\t\t<div class=\"elementor-column elementor-col-100 elementor-top-column elementor-element elementor-element-600a361f\" data-id=\"600a361f\" data-element_type=\"column\">\n\t\t\t<div class=\"elementor-widget-wrap\">\n\t\t\t\t\t\t\t\t\t<\/div>\n\t\t<\/div>\n\t\t\t\t\t\t\t<\/div>\n\t\t<\/section>\n\t\t\t\t<section class=\"elementor-section elementor-top-section elementor-element elementor-element-9cda3e8 elementor-section-boxed elementor-section-height-default elementor-section-height-default\" data-id=\"9cda3e8\" data-element_type=\"section\">\n\t\t\t\t\t\t<div class=\"elementor-container elementor-column-gap-no\">\n\t\t\t\t\t<div class=\"elementor-column elementor-col-100 elementor-top-column elementor-element elementor-element-5556f88\" data-id=\"5556f88\" data-element_type=\"column\">\n\t\t\t<div class=\"elementor-widget-wrap elementor-element-populated\">\n\t\t\t\t\t\t\t\t<section class=\"elementor-section elementor-inner-section elementor-element elementor-element-8e07256 elementor-section-boxed elementor-section-height-default elementor-section-height-default\" data-id=\"8e07256\" data-element_type=\"section\">\n\t\t\t\t\t\t<div class=\"elementor-container elementor-column-gap-no\">\n\t\t\t\t\t<div class=\"elementor-column elementor-col-50 elementor-inner-column elementor-element elementor-element-82ff24b\" data-id=\"82ff24b\" data-element_type=\"column\" data-settings=\"{&quot;animation&quot;:&quot;none&quot;}\">\n\t\t\t<div class=\"elementor-widget-wrap elementor-element-populated\">\n\t\t\t\t\t\t\t\t<div class=\"elementor-element elementor-element-5765111 elementor-widget elementor-widget-heading\" data-id=\"5765111\" data-element_type=\"widget\" data-widget_type=\"heading.default\">\n\t\t\t\t<div class=\"elementor-widget-container\">\n\t\t\t<style>\/*! elementor - v3.14.0 - 26-06-2023 *\/\n.elementor-heading-title{padding:0;margin:0;line-height:1}.elementor-widget-heading .elementor-heading-title[class*=elementor-size-]>a{color:inherit;font-size:inherit;line-height:inherit}.elementor-widget-heading .elementor-heading-title.elementor-size-small{font-size:15px}.elementor-widget-heading .elementor-heading-title.elementor-size-medium{font-size:19px}.elementor-widget-heading .elementor-heading-title.elementor-size-large{font-size:29px}.elementor-widget-heading .elementor-heading-title.elementor-size-xl{font-size:39px}.elementor-widget-heading .elementor-heading-title.elementor-size-xxl{font-size:59px}<\/style><h2 class=\"elementor-heading-title elementor-size-default\">What is RAIN RFID?<\/h2>\t\t<\/div>\n\t\t\t\t<\/div>\n\t\t\t\t<div class=\"elementor-element elementor-element-3c86586 elementor-widget elementor-widget-text-editor\" data-id=\"3c86586\" data-element_type=\"widget\" data-widget_type=\"text-editor.default\">\n\t\t\t\t<div class=\"elementor-widget-container\">\n\t\t\t<style>\/*! elementor - v3.14.0 - 26-06-2023 *\/\n.elementor-widget-text-editor.elementor-drop-cap-view-stacked .elementor-drop-cap{background-color:#69727d;color:#fff}.elementor-widget-text-editor.elementor-drop-cap-view-framed .elementor-drop-cap{color:#69727d;border:3px solid;background-color:transparent}.elementor-widget-text-editor:not(.elementor-drop-cap-view-default) .elementor-drop-cap{margin-top:8px}.elementor-widget-text-editor:not(.elementor-drop-cap-view-default) .elementor-drop-cap-letter{width:1em;height:1em}.elementor-widget-text-editor .elementor-drop-cap{float:left;text-align:center;line-height:1;font-size:50px}.elementor-widget-text-editor .elementor-drop-cap-letter{display:inline-block}<\/style>\t\t\t\t<p>La RFID (Identification par Radiofr\u00e9quence) a r\u00e9volutionn\u00e9 la mani\u00e8re dont nous identifions et suivons les objets. Contrairement aux codes-barres, les \u00e9tiquettes RFID offrent un ensemble unique d'avantages que Atracio met au service de ses clients.\u00a0<\/p><p>Utilisant des ondes radio pour permettre la communication sans fil, la technologie RFID se pr\u00e9sente en 3 bandes de fr\u00e9quences principales :\u00a0<\/p><p>\u2013 Basse fr\u00e9quence (LF)<br \/>\u2013 Haute fr\u00e9quence (HF)<br \/>\u2013 Ultra Haute Fr\u00e9quence (UHF)<\/p><p>Atracio prend en charge nativement la <strong>fr\u00e9quence RFID UHF<\/strong>appel\u00e9e <strong>RAIN RFID<\/strong>qui offre des avantages cl\u00e9s pour les applications industrielles et logistiques.<\/p>\t\t\t\t\t\t<\/div>\n\t\t\t\t<\/div>\n\t\t\t\t\t<\/div>\n\t\t<\/div>\n\t\t\t\t<div class=\"elementor-column elementor-col-50 elementor-inner-column elementor-element elementor-element-c4f4683 elementor-invisible\" data-id=\"c4f4683\" data-element_type=\"column\" data-settings=\"{&quot;animation&quot;:&quot;slideInRight&quot;}\">\n\t\t\t<div class=\"elementor-widget-wrap elementor-element-populated\">\n\t\t\t\t\t\t\t\t<div class=\"elementor-element elementor-element-1a881ea elementor-widget elementor-widget-image\" data-id=\"1a881ea\" data-element_type=\"widget\" data-settings=\"{&quot;_animation&quot;:&quot;none&quot;}\" data-widget_type=\"image.default\">\n\t\t\t\t<div class=\"elementor-widget-container\">\n\t\t\t<style>\/*! elementor - v3.14.0 - 26-06-2023 *\/\n.elementor-widget-image{text-align:center}.elementor-widget-image a{display:inline-block}.elementor-widget-image a img[src$=\".svg\"]{width:48px}.elementor-widget-image img{vertical-align:middle;display:inline-block}<\/style>\t\t\t\t\t\t\t\t\t\t\t\t<img loading=\"lazy\" decoding=\"async\" width=\"425\" height=\"425\" src=\"https:\/\/www.atracio.com\/wp-content\/uploads\/2023\/10\/logo_rfid.svg\" class=\"attachment-full size-full wp-image-14170\" alt=\"\" \/>\t\t\t\t\t\t\t\t\t\t\t\t\t\t\t<\/div>\n\t\t\t\t<\/div>\n\t\t\t\t\t<\/div>\n\t\t<\/div>\n\t\t\t\t\t\t\t<\/div>\n\t\t<\/section>\n\t\t\t\t\t<\/div>\n\t\t<\/div>\n\t\t\t\t\t\t\t<\/div>\n\t\t<\/section>\n\t\t\t\t<section class=\"elementor-section elementor-top-section elementor-element elementor-element-0911b4b elementor-section-boxed elementor-section-height-default elementor-section-height-default\" data-id=\"0911b4b\" data-element_type=\"section\">\n\t\t\t\t\t\t<div class=\"elementor-container elementor-column-gap-no\">\n\t\t\t\t\t<div class=\"elementor-column elementor-col-100 elementor-top-column elementor-element elementor-element-9341027\" data-id=\"9341027\" data-element_type=\"column\">\n\t\t\t<div class=\"elementor-widget-wrap elementor-element-populated\">\n\t\t\t\t\t\t\t\t<div class=\"elementor-element elementor-element-ac90326 elementor-widget elementor-widget-heading\" data-id=\"ac90326\" data-element_type=\"widget\" data-widget_type=\"heading.default\">\n\t\t\t\t<div class=\"elementor-widget-container\">\n\t\t\t<h2 class=\"elementor-heading-title elementor-size-default\">Avantages du RAIN RFID<\/h2>\t\t<\/div>\n\t\t\t\t<\/div>\n\t\t\t\t<div class=\"elementor-element elementor-element-3c3aa65f elementor-widget elementor-widget-saasland_main_features\" data-id=\"3c3aa65f\" data-element_type=\"widget\" data-widget_type=\"saasland_main_features.default\">\n\t\t\t\t<div class=\"elementor-widget-container\">\n\t\t\t<section class=\"prototype_service_area_three\">\r\n    <div class=\"container\">\r\n        <div class=\"prototype_service_info\">\r\n            <div class=\"symbols-pulse active\">\r\n                <div class=\"pulse-1\"><\/div>\r\n                <div class=\"pulse-2\"><\/div>\r\n                <div class=\"pulse-3\"><\/div>\r\n                <div class=\"pulse-4\"><\/div>\r\n                <div class=\"pulse-x\"><\/div>\r\n            <\/div>\r\n                        <div class=\"row p_service_info\">\r\n                                        <div class=\"col-lg-3 col-sm-6\">\r\n                            <div class=\"p_service_item pr_70 wow fadeInLeft\" data-wow-delay=\"0.2s\">\r\n                                <div class=\"icon icon_one elementor-repeater-item-3fd8846\">\r\n                                    <i class=\"fas fa-sitemap\"><\/i>                                <\/div>\r\n                                <h5 class=\"f_600 f_p t_color3\">\r\n                                                                    <\/h5>\r\n                                                                    <p class=\"f_300\"> Identification individualis\u00e9e gr\u00e2ce \u00e0 un code EPC universellement unique. <\/p>\r\n                                                            <\/div>\r\n                        <\/div>\r\n                                                <div class=\"col-lg-3 col-sm-6\">\r\n                            <div class=\"p_service_item pr_70 wow fadeInLeft\" data-wow-delay=\"0.4s\">\r\n                                <div class=\"icon icon_one elementor-repeater-item-a6f7106\">\r\n                                    <i class=\"fas fa-binoculars\"><\/i>                                <\/div>\r\n                                <h5 class=\"f_600 f_p t_color3\">\r\n                                                                    <\/h5>\r\n                                                                    <p class=\"f_300\"> Grande distance de lecture atteignant jusqu'\u00e0 10 m\u00e8tres dans un large spectre d'environnements. <\/p>\r\n                                                            <\/div>\r\n                        <\/div>\r\n                                                <div class=\"col-lg-3 col-sm-6\">\r\n                            <div class=\"p_service_item pr_70 wow fadeInLeft\" data-wow-delay=\"0.6s\">\r\n                                <div class=\"icon icon_one elementor-repeater-item-17aa872\">\r\n                                    <i class=\"far fa-eye-slash\"><\/i>                                <\/div>\r\n                                <h5 class=\"f_600 f_p t_color3\">\r\n                                                                    <\/h5>\r\n                                                                    <p class=\"f_300\"> Capacit\u00e9 \u00e0 identifier et lire les \u00e9tiquettes cach\u00e9es m\u00eame sans ligne de vis\u00e9e directe. <\/p>\r\n                                                            <\/div>\r\n                        <\/div>\r\n                                                <div class=\"col-lg-3 col-sm-6\">\r\n                            <div class=\"p_service_item pr_70 wow fadeInLeft\" data-wow-delay=\"0.8s\">\r\n                                <div class=\"icon icon_one elementor-repeater-item-c5950fb\">\r\n                                    <i class=\"ti ti-timer\"><\/i>                                <\/div>\r\n                                <h5 class=\"f_600 f_p t_color3\">\r\n                                                                    <\/h5>\r\n                                                                    <p class=\"f_300\"> Taux de lecture rapide en mode en vrac atteignant des centaines de balises par seconde. <\/p>\r\n                                                            <\/div>\r\n                        <\/div>\r\n                                                <div class=\"col-lg-3 col-sm-6\">\r\n                            <div class=\"p_service_item pr_70 wow fadeInLeft\" data-wow-delay=\"1s\">\r\n                                <div class=\"icon icon_one elementor-repeater-item-aa0b2ff\">\r\n                                    <i class=\"fas fa-cloud-sun-rain\"><\/i>                                <\/div>\r\n                                <h5 class=\"f_600 f_p t_color3\">\r\n                                                                    <\/h5>\r\n                                                                    <p class=\"f_300\"> Les balises RFID dures peuvent \u00eatre utilis\u00e9es dans divers environnements et r\u00e9sister \u00e0 des conditions extr\u00eames. <\/p>\r\n                                                            <\/div>\r\n                        <\/div>\r\n                                                <div class=\"col-lg-3 col-sm-6\">\r\n                            <div class=\"p_service_item pr_70 wow fadeInLeft\" data-wow-delay=\"1.2s\">\r\n                                <div class=\"icon icon_one elementor-repeater-item-75d1c70\">\r\n                                    <i class=\"fas fa-memory\"><\/i>                                <\/div>\r\n                                <h5 class=\"f_600 f_p t_color3\">\r\n                                                                    <\/h5>\r\n                                                                    <p class=\"f_300\"> Les balises UHF ont une m\u00e9moire interne qui peut \u00eatre utilis\u00e9e pour stocker des donn\u00e9es localement. <\/p>\r\n                                                            <\/div>\r\n                        <\/div>\r\n                                                <div class=\"col-lg-3 col-sm-6\">\r\n                            <div class=\"p_service_item pr_70 wow fadeInLeft\" data-wow-delay=\"1.4s\">\r\n                                <div class=\"icon icon_one elementor-repeater-item-4637dd9\">\r\n                                    <i class=\"fas fa-lock\"><\/i>                                <\/div>\r\n                                <h5 class=\"f_600 f_p t_color3\">\r\n                                                                    <\/h5>\r\n                                                                    <p class=\"f_300\"> Possibilit\u00e9 de chiffrer les donn\u00e9es stock\u00e9es dans la m\u00e9moire de l'\u00e9tiquette pour une s\u00e9curit\u00e9 renforc\u00e9e. <\/p>\r\n                                                            <\/div>\r\n                        <\/div>\r\n                                                <div class=\"col-lg-3 col-sm-6\">\r\n                            <div class=\"p_service_item pr_70 wow fadeInLeft\" data-wow-delay=\"1.6s\">\r\n                                <div class=\"icon icon_one elementor-repeater-item-3cc5b12\">\r\n                                    <i class=\"fas fa-recycle\"><\/i>                                <\/div>\r\n                                <h5 class=\"f_600 f_p t_color3\">\r\n                                                                    <\/h5>\r\n                                                                    <p class=\"f_300\"> Les balises RFID peuvent \u00eatre recycl\u00e9es en \u00e9crasant toutes les donn\u00e9es dans leur m\u00e9moire de lecture-\u00e9criture. <\/p>\r\n                                                            <\/div>\r\n                        <\/div>\r\n                                    <\/div>\r\n        <\/div>\r\n    <\/div>\r\n<\/section>\t\t<\/div>\n\t\t\t\t<\/div>\n\t\t\t\t\t<\/div>\n\t\t<\/div>\n\t\t\t\t\t\t\t<\/div>\n\t\t<\/section>\n\t\t\t\t<section class=\"elementor-section elementor-top-section elementor-element elementor-element-d830ca1 elementor-section-content-middle elementor-section-boxed elementor-section-height-default elementor-section-height-default\" data-id=\"d830ca1\" data-element_type=\"section\" data-settings=\"{&quot;background_background&quot;:&quot;classic&quot;}\">\n\t\t\t\t\t\t<div class=\"elementor-container elementor-column-gap-no\">\n\t\t\t\t\t<div class=\"elementor-column elementor-col-50 elementor-top-column elementor-element elementor-element-f09bf7c\" data-id=\"f09bf7c\" data-element_type=\"column\">\n\t\t\t<div class=\"elementor-widget-wrap elementor-element-populated\">\n\t\t\t\t\t\t\t\t<div class=\"elementor-element elementor-element-f8ff28b learn-more-image elementor-invisible elementor-widget elementor-widget-image\" data-id=\"f8ff28b\" data-element_type=\"widget\" data-settings=\"{&quot;_animation&quot;:&quot;slideInUp&quot;}\" data-widget_type=\"image.default\">\n\t\t\t\t<div class=\"elementor-widget-container\">\n\t\t\t\t\t\t\t\t\t\t\t\t\t\t\t<img loading=\"lazy\" decoding=\"async\" width=\"270\" height=\"330\" src=\"https:\/\/www.atracio.com\/wp-content\/uploads\/2024\/01\/Rocket-amico-1-270x330.png\" class=\"attachment-saasland_270x330 size-saasland_270x330 wp-image-14421\" alt=\"\" \/>\t\t\t\t\t\t\t\t\t\t\t\t\t\t\t<\/div>\n\t\t\t\t<\/div>\n\t\t\t\t\t<\/div>\n\t\t<\/div>\n\t\t\t\t<div class=\"elementor-column elementor-col-50 elementor-top-column elementor-element elementor-element-7d6f232 elementor-invisible\" data-id=\"7d6f232\" data-element_type=\"column\" data-settings=\"{&quot;animation&quot;:&quot;fadeIn&quot;}\">\n\t\t\t<div class=\"elementor-widget-wrap elementor-element-populated\">\n\t\t\t\t\t\t\t\t<div class=\"elementor-element elementor-element-52c9bfa elementor-widget elementor-widget-heading\" data-id=\"52c9bfa\" data-element_type=\"widget\" data-widget_type=\"heading.default\">\n\t\t\t\t<div class=\"elementor-widget-container\">\n\t\t\t<h2 class=\"elementor-heading-title elementor-size-default\">D\u00e9couvrez la puissance de Atracio!<\/h2>\t\t<\/div>\n\t\t\t\t<\/div>\n\t\t\t\t<div class=\"elementor-element elementor-element-734530b elementor-widget elementor-widget-button\" data-id=\"734530b\" data-element_type=\"widget\" data-widget_type=\"button.default\">\n\t\t\t\t<div class=\"elementor-widget-container\">\n\t\t\t\t\t<div class=\"elementor-button-wrapper\">\n\t\t\t<a class=\"elementor-button elementor-button-link elementor-size-sm\" href=\"https:\/\/www.atracio.com\/fr\/live-demo\/\">\n\t\t\t\t\t\t<span class=\"elementor-button-content-wrapper\">\n\t\t\t\t\t\t<span class=\"elementor-button-text\">R\u00e9servez une d\u00e9mo<\/span>\n\t\t<\/span>\n\t\t\t\t\t<\/a>\n\t\t<\/div>\n\t\t\t\t<\/div>\n\t\t\t\t<\/div>\n\t\t\t\t\t<\/div>\n\t\t<\/div>\n\t\t\t\t\t\t\t<\/div>\n\t\t<\/section>\n\t\t\t\t\t\t\t<\/div>","protected":false},"excerpt":{"rendered":"<p>Mettez l'avantage RFID au service de votre qu\u00eate de num\u00e9risation<\/p>","protected":false},"author":1,"featured_media":0,"parent":0,"menu_order":0,"comment_status":"closed","ping_status":"closed","template":"page-fullwidth.php","meta":{"content-type":"","footnotes":""},"class_list":["post-14155","page","type-page","status-publish","hentry","no-post-thumbnail"],"acf":[],"yoast_head":"<!-- This site is optimized with the Yoast SEO plugin v21.1 - https:\/\/yoast.com\/wordpress\/plugins\/seo\/ -->\n<title>RFID Technology | Atracio - The Next-Gen Supply Chain Execution Platform<\/title>\n<meta name=\"robots\" content=\"index, follow, max-snippet:-1, max-image-preview:large, max-video-preview:-1\" \/>\n<link rel=\"canonical\" href=\"https:\/\/www.atracio.com\/fr\/rfid-technology\/\" \/>\n<meta property=\"og:locale\" content=\"fr_FR\" \/>\n<meta property=\"og:type\" content=\"article\" \/>\n<meta property=\"og:title\" content=\"RFID Technology | Atracio - The Next-Gen Supply Chain Execution Platform\" \/>\n<meta property=\"og:description\" content=\"Put the RFID advantage at the service of your digitization quest\" \/>\n<meta property=\"og:url\" content=\"https:\/\/www.atracio.com\/fr\/rfid-technology\/\" \/>\n<meta property=\"og:site_name\" content=\"Atracio - The Next-Gen Supply Chain Execution Platform\" \/>\n<meta property=\"article:publisher\" content=\"https:\/\/facebook.com\/atracio\" \/>\n<meta property=\"article:modified_time\" content=\"2024-07-10T16:44:45+00:00\" \/>\n<meta property=\"og:image\" content=\"https:\/\/www.atracio.com\/wp-content\/uploads\/2023\/10\/logo_rfid.svg\" \/>\n<meta name=\"twitter:card\" content=\"summary_large_image\" \/>\n<meta name=\"twitter:site\" content=\"@AtracioERP\" \/>\n<meta name=\"twitter:label1\" content=\"Dur\u00e9e de lecture estim\u00e9e\" \/>\n\t<meta name=\"twitter:data1\" content=\"2 minutes\" \/>\n<script type=\"application\/ld+json\" class=\"yoast-schema-graph\">{\"@context\":\"https:\/\/schema.org\",\"@graph\":[{\"@type\":\"WebPage\",\"@id\":\"https:\/\/www.atracio.com\/rfid-technology\/\",\"url\":\"https:\/\/www.atracio.com\/rfid-technology\/\",\"name\":\"RFID Technology | Atracio - The Next-Gen Supply Chain Execution Platform\",\"isPartOf\":{\"@id\":\"https:\/\/www.atracio.com\/#website\"},\"datePublished\":\"2023-10-13T16:12:13+00:00\",\"dateModified\":\"2024-07-10T16:44:45+00:00\",\"breadcrumb\":{\"@id\":\"https:\/\/www.atracio.com\/rfid-technology\/#breadcrumb\"},\"inLanguage\":\"fr-FR\",\"potentialAction\":[{\"@type\":\"ReadAction\",\"target\":[\"https:\/\/www.atracio.com\/rfid-technology\/\"]}]},{\"@type\":\"BreadcrumbList\",\"@id\":\"https:\/\/www.atracio.com\/rfid-technology\/#breadcrumb\",\"itemListElement\":[{\"@type\":\"ListItem\",\"position\":1,\"name\":\"Home\",\"item\":\"https:\/\/www.atracio.com\/\"},{\"@type\":\"ListItem\",\"position\":2,\"name\":\"RFID Technology\"}]},{\"@type\":\"WebSite\",\"@id\":\"https:\/\/www.atracio.com\/#website\",\"url\":\"https:\/\/www.atracio.com\/\",\"name\":\"Atracio\",\"description\":\"The Next-Gen Supply Chain Execution Platform\",\"publisher\":{\"@id\":\"https:\/\/www.atracio.com\/#organization\"},\"potentialAction\":[{\"@type\":\"SearchAction\",\"target\":{\"@type\":\"EntryPoint\",\"urlTemplate\":\"https:\/\/www.atracio.com\/?s={search_term_string}\"},\"query-input\":\"required name=search_term_string\"}],\"inLanguage\":\"fr-FR\"},{\"@type\":\"Organization\",\"@id\":\"https:\/\/www.atracio.com\/#organization\",\"name\":\"Atracio\",\"url\":\"https:\/\/www.atracio.com\/\",\"logo\":{\"@type\":\"ImageObject\",\"inLanguage\":\"fr-FR\",\"@id\":\"https:\/\/www.atracio.com\/#\/schema\/logo\/image\/\",\"url\":\"https:\/\/www.atracio.com\/wp-content\/uploads\/Design-sans-titre-70.png\",\"contentUrl\":\"https:\/\/www.atracio.com\/wp-content\/uploads\/Design-sans-titre-70.png\",\"width\":500,\"height\":500,\"caption\":\"Atracio\"},\"image\":{\"@id\":\"https:\/\/www.atracio.com\/#\/schema\/logo\/image\/\"},\"sameAs\":[\"https:\/\/facebook.com\/atracio\",\"https:\/\/twitter.com\/AtracioERP\",\"https:\/\/www.linkedin.com\/company\/teraflow-erp\"]}]}<\/script>\n<!-- \/ Yoast SEO plugin. -->","yoast_head_json":{"title":"RFID Technology | Atracio - The Next-Gen Supply Chain Execution Platform","robots":{"index":"index","follow":"follow","max-snippet":"max-snippet:-1","max-image-preview":"max-image-preview:large","max-video-preview":"max-video-preview:-1"},"canonical":"https:\/\/www.atracio.com\/fr\/rfid-technology\/","og_locale":"fr_FR","og_type":"article","og_title":"RFID Technology | Atracio - The Next-Gen Supply Chain Execution Platform","og_description":"Put the RFID advantage at the service of your digitization quest","og_url":"https:\/\/www.atracio.com\/fr\/rfid-technology\/","og_site_name":"Atracio - The Next-Gen Supply Chain Execution Platform","article_publisher":"https:\/\/facebook.com\/atracio","article_modified_time":"2024-07-10T16:44:45+00:00","og_image":[{"url":"https:\/\/www.atracio.com\/wp-content\/uploads\/2023\/10\/logo_rfid.svg"}],"twitter_card":"summary_large_image","twitter_site":"@AtracioERP","twitter_misc":{"Dur\u00e9e de lecture estim\u00e9e":"2 minutes"},"schema":{"@context":"https:\/\/schema.org","@graph":[{"@type":"WebPage","@id":"https:\/\/www.atracio.com\/rfid-technology\/","url":"https:\/\/www.atracio.com\/rfid-technology\/","name":"RFID Technology | Atracio - The Next-Gen Supply Chain Execution Platform","isPartOf":{"@id":"https:\/\/www.atracio.com\/#website"},"datePublished":"2023-10-13T16:12:13+00:00","dateModified":"2024-07-10T16:44:45+00:00","breadcrumb":{"@id":"https:\/\/www.atracio.com\/rfid-technology\/#breadcrumb"},"inLanguage":"fr-FR","potentialAction":[{"@type":"ReadAction","target":["https:\/\/www.atracio.com\/rfid-technology\/"]}]},{"@type":"BreadcrumbList","@id":"https:\/\/www.atracio.com\/rfid-technology\/#breadcrumb","itemListElement":[{"@type":"ListItem","position":1,"name":"Home","item":"https:\/\/www.atracio.com\/"},{"@type":"ListItem","position":2,"name":"RFID Technology"}]},{"@type":"WebSite","@id":"https:\/\/www.atracio.com\/#website","url":"https:\/\/www.atracio.com\/","name":"Atracio","description":"The Next-Gen Supply Chain Execution Platform","publisher":{"@id":"https:\/\/www.atracio.com\/#organization"},"potentialAction":[{"@type":"SearchAction","target":{"@type":"EntryPoint","urlTemplate":"https:\/\/www.atracio.com\/?s={search_term_string}"},"query-input":"required name=search_term_string"}],"inLanguage":"fr-FR"},{"@type":"Organization","@id":"https:\/\/www.atracio.com\/#organization","name":"Atracio","url":"https:\/\/www.atracio.com\/","logo":{"@type":"ImageObject","inLanguage":"fr-FR","@id":"https:\/\/www.atracio.com\/#\/schema\/logo\/image\/","url":"https:\/\/www.atracio.com\/wp-content\/uploads\/Design-sans-titre-70.png","contentUrl":"https:\/\/www.atracio.com\/wp-content\/uploads\/Design-sans-titre-70.png","width":500,"height":500,"caption":"Atracio"},"image":{"@id":"https:\/\/www.atracio.com\/#\/schema\/logo\/image\/"},"sameAs":["https:\/\/facebook.com\/atracio","https:\/\/twitter.com\/AtracioERP","https:\/\/www.linkedin.com\/company\/teraflow-erp"]}]}},"_links":{"self":[{"href":"https:\/\/www.atracio.com\/fr\/wp-json\/wp\/v2\/pages\/14155","targetHints":{"allow":["GET"]}}],"collection":[{"href":"https:\/\/www.atracio.com\/fr\/wp-json\/wp\/v2\/pages"}],"about":[{"href":"https:\/\/www.atracio.com\/fr\/wp-json\/wp\/v2\/types\/page"}],"author":[{"embeddable":true,"href":"https:\/\/www.atracio.com\/fr\/wp-json\/wp\/v2\/users\/1"}],"replies":[{"embeddable":true,"href":"https:\/\/www.atracio.com\/fr\/wp-json\/wp\/v2\/comments?post=14155"}],"version-history":[{"count":19,"href":"https:\/\/www.atracio.com\/fr\/wp-json\/wp\/v2\/pages\/14155\/revisions"}],"predecessor-version":[{"id":17206,"href":"https:\/\/www.atracio.com\/fr\/wp-json\/wp\/v2\/pages\/14155\/revisions\/17206"}],"wp:attachment":[{"href":"https:\/\/www.atracio.com\/fr\/wp-json\/wp\/v2\/media?parent=14155"}],"curies":[{"name":"wp","href":"https:\/\/api.w.org\/{rel}","templated":true}]}}