{"id":7774,"date":"2022-05-24T12:30:21","date_gmt":"2022-05-24T12:30:21","guid":{"rendered":"https:\/\/saaslandwp.com\/demo\/test\/?page_id=7774"},"modified":"2024-07-10T16:45:50","modified_gmt":"2024-07-10T16:45:50","slug":"workflows","status":"publish","type":"page","link":"https:\/\/www.atracio.com\/fr\/workflows\/","title":{"rendered":"Flux de travail flexible"},"content":{"rendered":"<div data-elementor-type=\"wp-page\" data-elementor-id=\"7774\" class=\"elementor elementor-7774\">\n\t\t\t\t\t\t\t\t\t<section class=\"elementor-section elementor-top-section elementor-element elementor-element-2faa9fa elementor-section-boxed elementor-section-height-default elementor-section-height-default\" data-id=\"2faa9fa\" data-element_type=\"section\">\n\t\t\t\t\t\t<div class=\"elementor-container elementor-column-gap-default\">\n\t\t\t\t\t<div class=\"elementor-column elementor-col-100 elementor-top-column elementor-element elementor-element-f672d29\" data-id=\"f672d29\" data-element_type=\"column\">\n\t\t\t<div class=\"elementor-widget-wrap elementor-element-populated\">\n\t\t\t\t\t\t\t\t<div class=\"elementor-element elementor-element-57a9820b elementor-widget elementor-widget-text-editor\" data-id=\"57a9820b\" data-element_type=\"widget\" data-widget_type=\"text-editor.default\">\n\t\t\t\t<div class=\"elementor-widget-container\">\n\t\t\t<style>\/*! elementor - v3.14.0 - 26-06-2023 *\/\n.elementor-widget-text-editor.elementor-drop-cap-view-stacked .elementor-drop-cap{background-color:#69727d;color:#fff}.elementor-widget-text-editor.elementor-drop-cap-view-framed .elementor-drop-cap{color:#69727d;border:3px solid;background-color:transparent}.elementor-widget-text-editor:not(.elementor-drop-cap-view-default) .elementor-drop-cap{margin-top:8px}.elementor-widget-text-editor:not(.elementor-drop-cap-view-default) .elementor-drop-cap-letter{width:1em;height:1em}.elementor-widget-text-editor .elementor-drop-cap{float:left;text-align:center;line-height:1;font-size:50px}.elementor-widget-text-editor .elementor-drop-cap-letter{display:inline-block}<\/style>\t\t\t\t<p>Chez Atracio, nous reconnaissons la nature distincte de chaque \u00e9cosyst\u00e8me d'entreprise, chacun avec ses propres d\u00e9fis et opportunit\u00e9s. Atracio offre une plateforme flexible, y compris le module de gestion des flux de travail, permettant une int\u00e9gration transparente adapt\u00e9e \u00e0 vos processus d'affaires. Notre engagement \u00e0 la personnalisation vous permet de fa\u00e7onner votre exp\u00e9rience ERP en fonction de vos besoins sp\u00e9cifiques.<\/p>\t\t\t\t\t\t<\/div>\n\t\t\t\t<\/div>\n\t\t\t\t\t<\/div>\n\t\t<\/div>\n\t\t\t\t\t\t\t<\/div>\n\t\t<\/section>\n\t\t\t\t<section class=\"elementor-section elementor-top-section elementor-element elementor-element-512fe66c elementor-section-boxed elementor-section-height-default elementor-section-height-default\" data-id=\"512fe66c\" data-element_type=\"section\" data-settings=\"{&quot;background_background&quot;:&quot;classic&quot;}\">\n\t\t\t\t\t\t<div class=\"elementor-container elementor-column-gap-no\">\n\t\t\t\t\t<div class=\"elementor-column elementor-col-100 elementor-top-column elementor-element elementor-element-be19b00\" data-id=\"be19b00\" data-element_type=\"column\">\n\t\t\t<div class=\"elementor-widget-wrap elementor-element-populated\">\n\t\t\t\t\t\t\t\t<div class=\"elementor-element elementor-element-36d296d elementor-invisible elementor-widget elementor-widget-Saasland_processes\" data-id=\"36d296d\" data-element_type=\"widget\" data-settings=\"{&quot;_animation&quot;:&quot;fadeIn&quot;}\" data-widget_type=\"Saasland_processes.default\">\n\t\t\t\t<div class=\"elementor-widget-container\">\n\t\t\t            <div class=\"container\">\r\n                <div class=\"setup_inner\">\r\n                                                <div class=\"setup_item row elementor-repeater-item-f3c32b7\">\r\n                                <div class=\"col-md-5 setup_img wow fadeInLeft\" data-wow-delay=\"0.2s\">\r\n                                    <img loading=\"lazy\" decoding=\"async\" width=\"176\" height=\"298\" src=\"https:\/\/www.atracio.com\/wp-content\/uploads\/2022\/05\/setup_img1.png\" class=\"attachment-full size-full\" alt=\"\" \/>                                <\/div>\r\n                                <div class=\"col-md-2 s_number\">\r\n                                                                            <div class=\"round\">01<\/div>\r\n                                                                    <\/div>\r\n                                <div class=\"col-md-5\">\r\n                                    <div class=\"setup_content wow fadeInRight\" data-wow-delay=\"0.4s\">\r\n                                        <h5>Objectifs commerciaux<\/h5>                                        <p>Expliquer clairement les buts et objectifs de l'entreprise que la personnalisation de l'ERP vise \u00e0 atteindre. <\/p>\n<p>Identifier les fonctionnalit\u00e9s sp\u00e9cifiques, les caract\u00e9ristiques et les flux de travail essentiels. Cr\u00e9er un document de sp\u00e9cifications d\u00e9crivant les exigences sp\u00e9cifiques et les fonctionnalit\u00e9s n\u00e9cessaires. <\/p>\n                                    <\/div>\r\n                                <\/div>\r\n                                <div class=\"line bottom_half wow height\" data-wow-delay=\"0.5s\"><\/div>\r\n                            <\/div>\r\n                                                        <div class=\"setup_item row elementor-repeater-item-dc724c5 flex-row-reverse\">\r\n                                <div class=\"col-md-5 setup_img wow fadeInLeft\" data-wow-delay=\"0.2s\">\r\n                                    <img loading=\"lazy\" decoding=\"async\" width=\"271\" height=\"241\" src=\"https:\/\/www.atracio.com\/wp-content\/uploads\/2022\/05\/setup_img2.png\" class=\"attachment-full size-full\" alt=\"\" \/>                                <\/div>\r\n                                <div class=\"col-md-2 s_number\">\r\n                                                                            <div class=\"round\">02<\/div>\r\n                                                                    <\/div>\r\n                                <div class=\"col-md-5\">\r\n                                    <div class=\"setup_content wow fadeInRight\" data-wow-delay=\"0.4s\">\r\n                                        <h5>Personnalisation flexible<\/h5>                                        <p>Notre \u00e9quipe d\u00e9di\u00e9e travaille main dans la main avec les clients pour comprendre leurs besoins, en s'assurant que Atracio n'est pas un simple logiciel, mais une solution v\u00e9ritablement personnalis\u00e9e qui \u00e9volue avec votre entreprise. Plus que cela, il s'agit d'un voyage collaboratif o\u00f9 les besoins de votre entreprise m\u00e8nent la danse.<\/p>\n                                    <\/div>\r\n                                <\/div>\r\n                                <div class=\"line bottom_half wow height\" data-wow-delay=\"1s\"><\/div>\r\n                            <\/div>\r\n                                                        <div class=\"setup_item row elementor-repeater-item-ddf7118\">\r\n                                <div class=\"col-md-5 setup_img wow fadeInLeft\" data-wow-delay=\"0.2s\">\r\n                                    <img loading=\"lazy\" decoding=\"async\" width=\"250\" height=\"258\" src=\"https:\/\/www.atracio.com\/wp-content\/uploads\/2022\/05\/setup_img3.png\" class=\"attachment-full size-full\" alt=\"\" \/>                                <\/div>\r\n                                <div class=\"col-md-2 s_number\">\r\n                                                                            <div class=\"round\">03<\/div>\r\n                                                                    <\/div>\r\n                                <div class=\"col-md-5\">\r\n                                    <div class=\"setup_content wow fadeInRight\" data-wow-delay=\"0.4s\">\r\n                                        <h5>Aujourd'hui et au-del\u00e0.<\/h5>                                        <p>Gr\u00e2ce \u00e0 un d\u00e9veloppement it\u00e9ratif, \u00e0 des tests m\u00e9ticuleux et \u00e0 des mises \u00e0 jour bas\u00e9es sur le retour d'information. Notre engagement s'\u00e9tend \u00e0 un cycle continu d'am\u00e9lioration, visant \u00e0 garantir une exp\u00e9rience optimis\u00e9e et en constante \u00e9volution pour nos clients, aujourd'hui et au-del\u00e0.<\/p>\n                                    <\/div>\r\n                                <\/div>\r\n                                <div class=\"line bottom_half wow height\" data-wow-delay=\"1.5s\"><\/div>\r\n                            <\/div>\r\n                                            <\/div>\r\n            <\/div>\r\n            \t\t<\/div>\n\t\t\t\t<\/div>\n\t\t\t\t\t<\/div>\n\t\t<\/div>\n\t\t\t\t\t\t\t<\/div>\n\t\t<\/section>\n\t\t\t\t<section class=\"elementor-section elementor-top-section elementor-element elementor-element-55c2a6df elementor-section-content-middle elementor-section-boxed elementor-section-height-default elementor-section-height-default\" data-id=\"55c2a6df\" data-element_type=\"section\" data-settings=\"{&quot;background_background&quot;:&quot;classic&quot;}\">\n\t\t\t\t\t\t<div class=\"elementor-container elementor-column-gap-no\">\n\t\t\t\t\t<div class=\"elementor-column elementor-col-50 elementor-top-column elementor-element elementor-element-170ca8c3\" data-id=\"170ca8c3\" data-element_type=\"column\">\n\t\t\t<div class=\"elementor-widget-wrap elementor-element-populated\">\n\t\t\t\t\t\t\t\t<div class=\"elementor-element elementor-element-7a424af8 learn-more-image elementor-invisible elementor-widget elementor-widget-image\" data-id=\"7a424af8\" data-element_type=\"widget\" data-settings=\"{&quot;_animation&quot;:&quot;slideInUp&quot;}\" data-widget_type=\"image.default\">\n\t\t\t\t<div class=\"elementor-widget-container\">\n\t\t\t<style>\/*! elementor - v3.14.0 - 26-06-2023 *\/\n.elementor-widget-image{text-align:center}.elementor-widget-image a{display:inline-block}.elementor-widget-image a img[src$=\".svg\"]{width:48px}.elementor-widget-image img{vertical-align:middle;display:inline-block}<\/style>\t\t\t\t\t\t\t\t\t\t\t\t<img loading=\"lazy\" decoding=\"async\" width=\"270\" height=\"330\" src=\"https:\/\/www.atracio.com\/wp-content\/uploads\/2024\/01\/Rocket-amico-1-270x330.png\" class=\"attachment-saasland_270x330 size-saasland_270x330 wp-image-14421\" alt=\"\" \/>\t\t\t\t\t\t\t\t\t\t\t\t\t\t\t<\/div>\n\t\t\t\t<\/div>\n\t\t\t\t\t<\/div>\n\t\t<\/div>\n\t\t\t\t<div class=\"elementor-column elementor-col-50 elementor-top-column elementor-element elementor-element-4bfe4c9a elementor-invisible\" data-id=\"4bfe4c9a\" data-element_type=\"column\" data-settings=\"{&quot;animation&quot;:&quot;fadeIn&quot;}\">\n\t\t\t<div class=\"elementor-widget-wrap elementor-element-populated\">\n\t\t\t\t\t\t\t\t<div class=\"elementor-element elementor-element-7a22c6be elementor-widget elementor-widget-heading\" data-id=\"7a22c6be\" data-element_type=\"widget\" data-widget_type=\"heading.default\">\n\t\t\t\t<div class=\"elementor-widget-container\">\n\t\t\t<style>\/*! elementor - v3.14.0 - 26-06-2023 *\/\n.elementor-heading-title{padding:0;margin:0;line-height:1}.elementor-widget-heading .elementor-heading-title[class*=elementor-size-]>a{color:inherit;font-size:inherit;line-height:inherit}.elementor-widget-heading .elementor-heading-title.elementor-size-small{font-size:15px}.elementor-widget-heading .elementor-heading-title.elementor-size-medium{font-size:19px}.elementor-widget-heading .elementor-heading-title.elementor-size-large{font-size:29px}.elementor-widget-heading .elementor-heading-title.elementor-size-xl{font-size:39px}.elementor-widget-heading .elementor-heading-title.elementor-size-xxl{font-size:59px}<\/style><h2 class=\"elementor-heading-title elementor-size-default\">Pr\u00eat \u00e0 d\u00e9couvrir Atracio ?<\/h2>\t\t<\/div>\n\t\t\t\t<\/div>\n\t\t\t\t<div class=\"elementor-element elementor-element-814609b elementor-widget elementor-widget-heading\" data-id=\"814609b\" data-element_type=\"widget\" data-widget_type=\"heading.default\">\n\t\t\t\t<div class=\"elementor-widget-container\">\n\t\t\t<h2 class=\"elementor-heading-title elementor-size-default\">D\u00e9couvrez comment Atracio peut permettre \u00e0 votre \u00e9quipe de rationaliser les processus, de minimiser les d\u00e9penses et d'optimiser les performances commerciales.<\/h2>\t\t<\/div>\n\t\t\t\t<\/div>\n\t\t\t\t<div class=\"elementor-element elementor-element-5b7ab45c elementor-widget elementor-widget-button\" data-id=\"5b7ab45c\" data-element_type=\"widget\" data-widget_type=\"button.default\">\n\t\t\t\t<div class=\"elementor-widget-container\">\n\t\t\t\t\t<div class=\"elementor-button-wrapper\">\n\t\t\t<a class=\"elementor-button elementor-button-link elementor-size-sm\" href=\"https:\/\/www.atracio.com\/fr\/live-demo\/\">\n\t\t\t\t\t\t<span class=\"elementor-button-content-wrapper\">\n\t\t\t\t\t\t<span class=\"elementor-button-text\">R\u00e9servez une d\u00e9mo<\/span>\n\t\t<\/span>\n\t\t\t\t\t<\/a>\n\t\t<\/div>\n\t\t\t\t<\/div>\n\t\t\t\t<\/div>\n\t\t\t\t\t<\/div>\n\t\t<\/div>\n\t\t\t\t\t\t\t<\/div>\n\t\t<\/section>\n\t\t\t\t\t\t\t<\/div>","protected":false},"excerpt":{"rendered":"<p>La pr\u00e9cision, la personnalisation et l'engagement \u00e0 fournir des solutions qui s'alignent parfaitement sur vos objectifs.<\/p>","protected":false},"author":1,"featured_media":0,"parent":0,"menu_order":0,"comment_status":"closed","ping_status":"closed","template":"page-fullwidth.php","meta":{"content-type":"","footnotes":""},"class_list":["post-7774","page","type-page","status-publish","hentry","no-post-thumbnail"],"acf":[],"yoast_head":"<!-- This site is optimized with the Yoast SEO plugin v21.1 - https:\/\/yoast.com\/wordpress\/plugins\/seo\/ -->\n<title>Flexible Workflows | Atracio - The Next-Gen Supply Chain Execution Platform<\/title>\n<meta name=\"robots\" content=\"index, follow, max-snippet:-1, max-image-preview:large, max-video-preview:-1\" \/>\n<link rel=\"canonical\" href=\"https:\/\/www.atracio.com\/fr\/workflows\/\" \/>\n<meta property=\"og:locale\" content=\"fr_FR\" \/>\n<meta property=\"og:type\" content=\"article\" \/>\n<meta property=\"og:title\" content=\"Flexible Workflows | Atracio - The Next-Gen Supply Chain Execution Platform\" \/>\n<meta property=\"og:description\" content=\"About precision, personalization, and a commitment to delivering solutions that align seamlessly with your goals.\" \/>\n<meta property=\"og:url\" content=\"https:\/\/www.atracio.com\/fr\/workflows\/\" \/>\n<meta property=\"og:site_name\" content=\"Atracio - The Next-Gen Supply Chain Execution Platform\" \/>\n<meta property=\"article:publisher\" content=\"https:\/\/facebook.com\/atracio\" \/>\n<meta property=\"article:modified_time\" content=\"2024-07-10T16:45:50+00:00\" \/>\n<meta property=\"og:image\" content=\"https:\/\/www.atracio.com\/wp-content\/uploads\/2022\/05\/setup_img1.png\" \/>\n<meta name=\"twitter:card\" content=\"summary_large_image\" \/>\n<meta name=\"twitter:site\" content=\"@AtracioERP\" \/>\n<meta name=\"twitter:label1\" content=\"Dur\u00e9e de lecture estim\u00e9e\" \/>\n\t<meta name=\"twitter:data1\" content=\"2 minutes\" \/>\n<script type=\"application\/ld+json\" class=\"yoast-schema-graph\">{\"@context\":\"https:\/\/schema.org\",\"@graph\":[{\"@type\":\"WebPage\",\"@id\":\"https:\/\/www.atracio.com\/workflows\/\",\"url\":\"https:\/\/www.atracio.com\/workflows\/\",\"name\":\"Flexible Workflows | Atracio - The Next-Gen Supply Chain Execution Platform\",\"isPartOf\":{\"@id\":\"https:\/\/www.atracio.com\/#website\"},\"datePublished\":\"2022-05-24T12:30:21+00:00\",\"dateModified\":\"2024-07-10T16:45:50+00:00\",\"breadcrumb\":{\"@id\":\"https:\/\/www.atracio.com\/workflows\/#breadcrumb\"},\"inLanguage\":\"fr-FR\",\"potentialAction\":[{\"@type\":\"ReadAction\",\"target\":[\"https:\/\/www.atracio.com\/workflows\/\"]}]},{\"@type\":\"BreadcrumbList\",\"@id\":\"https:\/\/www.atracio.com\/workflows\/#breadcrumb\",\"itemListElement\":[{\"@type\":\"ListItem\",\"position\":1,\"name\":\"Home\",\"item\":\"https:\/\/www.atracio.com\/\"},{\"@type\":\"ListItem\",\"position\":2,\"name\":\"Flexible Workflows\"}]},{\"@type\":\"WebSite\",\"@id\":\"https:\/\/www.atracio.com\/#website\",\"url\":\"https:\/\/www.atracio.com\/\",\"name\":\"Atracio\",\"description\":\"The Next-Gen Supply Chain Execution Platform\",\"publisher\":{\"@id\":\"https:\/\/www.atracio.com\/#organization\"},\"potentialAction\":[{\"@type\":\"SearchAction\",\"target\":{\"@type\":\"EntryPoint\",\"urlTemplate\":\"https:\/\/www.atracio.com\/?s={search_term_string}\"},\"query-input\":\"required name=search_term_string\"}],\"inLanguage\":\"fr-FR\"},{\"@type\":\"Organization\",\"@id\":\"https:\/\/www.atracio.com\/#organization\",\"name\":\"Atracio\",\"url\":\"https:\/\/www.atracio.com\/\",\"logo\":{\"@type\":\"ImageObject\",\"inLanguage\":\"fr-FR\",\"@id\":\"https:\/\/www.atracio.com\/#\/schema\/logo\/image\/\",\"url\":\"https:\/\/www.atracio.com\/wp-content\/uploads\/Design-sans-titre-70.png\",\"contentUrl\":\"https:\/\/www.atracio.com\/wp-content\/uploads\/Design-sans-titre-70.png\",\"width\":500,\"height\":500,\"caption\":\"Atracio\"},\"image\":{\"@id\":\"https:\/\/www.atracio.com\/#\/schema\/logo\/image\/\"},\"sameAs\":[\"https:\/\/facebook.com\/atracio\",\"https:\/\/twitter.com\/AtracioERP\",\"https:\/\/www.linkedin.com\/company\/teraflow-erp\"]}]}<\/script>\n<!-- \/ Yoast SEO plugin. -->","yoast_head_json":{"title":"Flexible Workflows | Atracio - The Next-Gen Supply Chain Execution Platform","robots":{"index":"index","follow":"follow","max-snippet":"max-snippet:-1","max-image-preview":"max-image-preview:large","max-video-preview":"max-video-preview:-1"},"canonical":"https:\/\/www.atracio.com\/fr\/workflows\/","og_locale":"fr_FR","og_type":"article","og_title":"Flexible Workflows | Atracio - The Next-Gen Supply Chain Execution Platform","og_description":"About precision, personalization, and a commitment to delivering solutions that align seamlessly with your goals.","og_url":"https:\/\/www.atracio.com\/fr\/workflows\/","og_site_name":"Atracio - The Next-Gen Supply Chain Execution Platform","article_publisher":"https:\/\/facebook.com\/atracio","article_modified_time":"2024-07-10T16:45:50+00:00","og_image":[{"url":"https:\/\/www.atracio.com\/wp-content\/uploads\/2022\/05\/setup_img1.png"}],"twitter_card":"summary_large_image","twitter_site":"@AtracioERP","twitter_misc":{"Dur\u00e9e de lecture estim\u00e9e":"2 minutes"},"schema":{"@context":"https:\/\/schema.org","@graph":[{"@type":"WebPage","@id":"https:\/\/www.atracio.com\/workflows\/","url":"https:\/\/www.atracio.com\/workflows\/","name":"Flexible Workflows | Atracio - The Next-Gen Supply Chain Execution Platform","isPartOf":{"@id":"https:\/\/www.atracio.com\/#website"},"datePublished":"2022-05-24T12:30:21+00:00","dateModified":"2024-07-10T16:45:50+00:00","breadcrumb":{"@id":"https:\/\/www.atracio.com\/workflows\/#breadcrumb"},"inLanguage":"fr-FR","potentialAction":[{"@type":"ReadAction","target":["https:\/\/www.atracio.com\/workflows\/"]}]},{"@type":"BreadcrumbList","@id":"https:\/\/www.atracio.com\/workflows\/#breadcrumb","itemListElement":[{"@type":"ListItem","position":1,"name":"Home","item":"https:\/\/www.atracio.com\/"},{"@type":"ListItem","position":2,"name":"Flexible Workflows"}]},{"@type":"WebSite","@id":"https:\/\/www.atracio.com\/#website","url":"https:\/\/www.atracio.com\/","name":"Atracio","description":"The Next-Gen Supply Chain Execution Platform","publisher":{"@id":"https:\/\/www.atracio.com\/#organization"},"potentialAction":[{"@type":"SearchAction","target":{"@type":"EntryPoint","urlTemplate":"https:\/\/www.atracio.com\/?s={search_term_string}"},"query-input":"required name=search_term_string"}],"inLanguage":"fr-FR"},{"@type":"Organization","@id":"https:\/\/www.atracio.com\/#organization","name":"Atracio","url":"https:\/\/www.atracio.com\/","logo":{"@type":"ImageObject","inLanguage":"fr-FR","@id":"https:\/\/www.atracio.com\/#\/schema\/logo\/image\/","url":"https:\/\/www.atracio.com\/wp-content\/uploads\/Design-sans-titre-70.png","contentUrl":"https:\/\/www.atracio.com\/wp-content\/uploads\/Design-sans-titre-70.png","width":500,"height":500,"caption":"Atracio"},"image":{"@id":"https:\/\/www.atracio.com\/#\/schema\/logo\/image\/"},"sameAs":["https:\/\/facebook.com\/atracio","https:\/\/twitter.com\/AtracioERP","https:\/\/www.linkedin.com\/company\/teraflow-erp"]}]}},"_links":{"self":[{"href":"https:\/\/www.atracio.com\/fr\/wp-json\/wp\/v2\/pages\/7774","targetHints":{"allow":["GET"]}}],"collection":[{"href":"https:\/\/www.atracio.com\/fr\/wp-json\/wp\/v2\/pages"}],"about":[{"href":"https:\/\/www.atracio.com\/fr\/wp-json\/wp\/v2\/types\/page"}],"author":[{"embeddable":true,"href":"https:\/\/www.atracio.com\/fr\/wp-json\/wp\/v2\/users\/1"}],"replies":[{"embeddable":true,"href":"https:\/\/www.atracio.com\/fr\/wp-json\/wp\/v2\/comments?post=7774"}],"version-history":[{"count":44,"href":"https:\/\/www.atracio.com\/fr\/wp-json\/wp\/v2\/pages\/7774\/revisions"}],"predecessor-version":[{"id":17215,"href":"https:\/\/www.atracio.com\/fr\/wp-json\/wp\/v2\/pages\/7774\/revisions\/17215"}],"wp:attachment":[{"href":"https:\/\/www.atracio.com\/fr\/wp-json\/wp\/v2\/media?parent=7774"}],"curies":[{"name":"wp","href":"https:\/\/api.w.org\/{rel}","templated":true}]}}